{"id":6,"date":"2018-10-30T18:00:37","date_gmt":"2018-10-30T18:00:37","guid":{"rendered":"https:\/\/restauranterabelos.pt\/?page_id=6"},"modified":"2019-05-14T12:09:43","modified_gmt":"2019-05-14T12:09:43","slug":"politica-de-privacidade","status":"publish","type":"page","link":"https:\/\/restauranterabelos.pt\/en\/politica-de-privacidade\/","title":{"rendered":"Pol\u00edtica de Privacidade"},"content":{"rendered":"<div id=\"fws_69e388c21adb3\"  data-midnight=\"dark\"  data-bg-mobile-hidden=\"\" class=\"wpb_row vc_row-fluid vc_row top-level standard_section\"  style=\"padding-top: 0px; padding-bottom: 0px; \"><div class=\"row-bg-wrap\"><div class=\"inner-wrap\"><div class=\"row-bg\"  style=\"\"><\/div><\/div><div class=\"row-bg-overlay\" ><\/div><\/div><div class=\"col span_12 dark left\">\n\t<div  class=\"vc_col-sm-12 wpb_column column_container vc_column_container col no-extra-padding\"  data-t-w-inherits=\"default\" data-border-radius=\"none\" data-shadow=\"none\" data-border-animation=\"\" data-border-animation-delay=\"\" data-border-width=\"none\" data-border-style=\"solid\" data-border-color=\"\" data-bg-cover=\"\" data-padding-pos=\"all\" data-has-bg-color=\"false\" data-bg-color=\"\" data-bg-opacity=\"1\" data-hover-bg=\"\" data-hover-bg-opacity=\"1\" data-animation=\"\" data-delay=\"0\"><div class=\"column-bg-overlay\"><\/div>\n\t\t<div class=\"vc_column-inner\">\n\t\t\t<div class=\"wpb_wrapper\">\n\t\t\t\t\r\n\t<div class=\"wpb_text_column wpb_content_element\" >\r\n\t\t<div class=\"wpb_wrapper\">\r\n\t\t\t<h3><b>Pol\u00edtica de Privacidade e de Cookies<\/b><\/h3>\n<p><span style=\"font-weight: 400;\">No respeito pelas normas sobre privacidade, desejamos inform\u00e1-lo sobre o tratamento de dados pessoais efetuado aquando da navega\u00e7\u00e3o no site <\/span><a href=\"https:\/\/restauranterabelos.pt\/en\/\"><span style=\"font-weight: 400;\">www.restauranterabelos.pt<\/span><\/a><span style=\"font-weight: 400;\"> .<\/span><\/p>\n<p><span style=\"font-weight: 400;\">\u00a0<\/span><\/p>\n<p><b>Titular do Tratamento<\/b><\/p>\n<p><span style=\"font-weight: 400;\">Os seus dados pessoais ser\u00e3o tratados na qualidade de cotitulares do tratamento pela seguinte sociedade:<\/span><\/p>\n<ul>\n<li><span style=\"font-weight: 400;\">Rabelos 370 Restaurante Bar, Lda.<\/span><\/li>\n<li><span style=\"font-weight: 400;\">Avenida Diogo Leite No. 68, Santa Marinha. Cais de Gaia. 4400-111<\/span><\/li>\n<\/ul>\n<p>&nbsp;<\/p>\n<p><span style=\"font-weight: 400;\">Pode contactar o Restaurante Rabelos para a morada acima referida ou para o endere\u00e7o de correio eletr\u00f3nico:<\/span><\/p>\n<ul>\n<li><span style=\"font-weight: 400;\">rabelos.pt@gmail.com <\/span><\/li>\n<\/ul>\n<p><span style=\"font-weight: 400;\">\u00a0<\/span><\/p>\n<p><b>Dados Recolhidos<\/b><\/p>\n<p><span style=\"font-weight: 400;\">No ato de preenchimento do formul\u00e1rio de reserva, ser\u00e3o solicitados os seguintes dados: nome, endere\u00e7o de correio eletr\u00f3nico e contacto telef\u00f3nico, com vista \u00e0 presta\u00e7\u00e3o de um servi\u00e7o adequado ao solicitado.<\/span><\/p>\n<p><span style=\"font-weight: 400;\">\u00a0<\/span><\/p>\n<p><b>Finalidade do Tratamento<\/b><\/p>\n<p><span style=\"font-weight: 400;\">O Restaurante Rabelos utilizar\u00e1 os seus dados exclusivamente para a gest\u00e3o das reservas no seu estabelecimento, para, dessa forma, cumprir com a rela\u00e7\u00e3o contratual.<\/span><br \/>\n<span style=\"font-weight: 400;\">Com o seu consentimento expresso, os seus dados pessoais ser\u00e3o usados para envio de material publicit\u00e1rio e ofertas do Restaurante Rabelos.<\/span><\/p>\n<p><span style=\"font-weight: 400;\">\u00a0<\/span><\/p>\n<p><b>Fundamento do Tratamento<\/b><\/p>\n<p><span style=\"font-weight: 400;\">O Restaurante Rabelos efetuar\u00e1 o tratamento dos seus dados pessoais:<\/span><\/p>\n<ul>\n<li style=\"font-weight: 400;\"><span style=\"font-weight: 400;\">Porque \u00e9 necess\u00e1rio para cumprimentos contratuais (gest\u00e3o de reservas);<\/span><\/li>\n<li style=\"font-weight: 400;\"><span style=\"font-weight: 400;\">Com base no seu consentimento expresso (envio de newsletters).<\/span><\/li>\n<\/ul>\n<p><span style=\"font-weight: 400;\">\u00a0<\/span><\/p>\n<p>&nbsp;<\/p>\n<p><b>Tempo de Conserva\u00e7\u00e3o<\/b><\/p>\n<p><span style=\"font-weight: 400;\">O Restaurante Rabelos conservar\u00e1 os seus dados pessoais apenas durante o tempo estritamente necess\u00e1rio para a gest\u00e3o do servi\u00e7o requerido.<\/span><br \/>\n<span style=\"font-weight: 400;\">Caso subscreva o nosso servi\u00e7o de newsletter, conservaremos os seus dados at\u00e9 que nos comunique a inten\u00e7\u00e3o de cancel\u00e1-lo.<\/span><\/p>\n<p><span style=\"font-weight: 400;\">\u00a0<\/span><\/p>\n<p><b>Direitos do Utilizador<\/b><\/p>\n<p><span style=\"font-weight: 400;\">Informamos que tem o direito de solicitar o Restaurante Rabelos que lhe seja dado acesso aos seus dados, a retific\u00e1-los se forem inexatos, a apag\u00e1-los, a limitar o seu tratamento, ou a opor-se a este, desde que tal seja legalmente admiss\u00edvel.<\/span><br \/>\n<span style=\"font-weight: 400;\">Pode, ainda, retirar o seu consentimento, para as finalidades que o exijam.<\/span><\/p>\n<p><span style=\"font-weight: 400;\">\u00a0<\/span><\/p>\n<p><b>Cookies<\/b><\/p>\n<p><span style=\"font-weight: 400;\">Um cookie \u00e9 um pequeno ficheiro de texto que um s\u00edtio Internet armazena no seu dispositivo eletr\u00f3nico, contendo informa\u00e7\u00e3o relativa \u00e0 sua navega\u00e7\u00e3o nesse s\u00edtio. S\u00e3o necess\u00e1rias para facilitar a pesquisa e torn\u00e1-la mais f\u00e1cil para o utilizador.<\/span><\/p>\n<p><span style=\"font-weight: 400;\">Os cookies ser\u00e3o utilizados apenas para:<\/span><\/p>\n<ul>\n<li style=\"font-weight: 400;\"><span style=\"font-weight: 400;\">Permitir o Restaurante Rabelos verificar se os utilizadores t\u00eam mais de 18 anos;<\/span><\/li>\n<li style=\"font-weight: 400;\"><span style=\"font-weight: 400;\">Utiliza\u00e7\u00e3o do Google Analytics \u2013 podendo encontrar mais informa\u00e7\u00e3o no s\u00edtio <\/span><a href=\"https:\/\/developers.google.com\/analytics\/devguides\/collection\/analyticsjs\/cookie-usage\"><span style=\"font-weight: 400;\">https:\/\/developers.google.com\/analytics\/devguides\/collection\/analyticsjs\/cookie-usage<\/span><\/a><span style=\"font-weight: 400;\">.<\/span><\/li>\n<\/ul>\n<p><span style=\"font-weight: 400;\">Pode recusar o uso de cookies, selecionando as defini\u00e7\u00f5es no seu navegador (normalmente atrav\u00e9s dos menus Prefer\u00eancias ou Ferramentas).<\/span><\/p>\n\r\n\t\t<\/div>\r\n\t<\/div>\r\n\n\t\t\t<\/div> \n\t\t<\/div>\n\t<\/div> \n<\/div><\/div>","protected":false},"excerpt":{"rendered":"Pol\u00edtica de Privacidade e de Cookies No respeito pelas normas sobre privacidade, desejamos inform\u00e1-lo sobre o tratamento de dados pessoais efetuado aquando da navega\u00e7\u00e3o no site www.restauranterabelos.pt . \u00a0 Titular...","protected":false},"author":1,"featured_media":0,"parent":0,"menu_order":0,"comment_status":"closed","ping_status":"closed","template":"","meta":{"footnotes":""},"class_list":["post-6","page","type-page","status-publish"],"_links":{"self":[{"href":"https:\/\/restauranterabelos.pt\/en\/wp-json\/wp\/v2\/pages\/6","targetHints":{"allow":["GET"]}}],"collection":[{"href":"https:\/\/restauranterabelos.pt\/en\/wp-json\/wp\/v2\/pages"}],"about":[{"href":"https:\/\/restauranterabelos.pt\/en\/wp-json\/wp\/v2\/types\/page"}],"author":[{"embeddable":true,"href":"https:\/\/restauranterabelos.pt\/en\/wp-json\/wp\/v2\/users\/1"}],"replies":[{"embeddable":true,"href":"https:\/\/restauranterabelos.pt\/en\/wp-json\/wp\/v2\/comments?post=6"}],"version-history":[{"count":5,"href":"https:\/\/restauranterabelos.pt\/en\/wp-json\/wp\/v2\/pages\/6\/revisions"}],"predecessor-version":[{"id":234,"href":"https:\/\/restauranterabelos.pt\/en\/wp-json\/wp\/v2\/pages\/6\/revisions\/234"}],"wp:attachment":[{"href":"https:\/\/restauranterabelos.pt\/en\/wp-json\/wp\/v2\/media?parent=6"}],"curies":[{"name":"wp","href":"https:\/\/api.w.org\/{rel}","templated":true}]}}